{"id":2715,"date":"2016-09-02T09:07:21","date_gmt":"2016-09-02T09:07:21","guid":{"rendered":"http:\/\/demo.goodlayers.com\/realfactory\/?page_id=2715"},"modified":"2024-05-13T17:25:53","modified_gmt":"2024-05-13T15:25:53","slug":"blog","status":"publish","type":"page","link":"https:\/\/kiposlegal.com\/en\/blog\/","title":{"rendered":"Blog"},"content":{"rendered":"\t<div class=\"container\">\n\t<h3 class=\"title_noticias\">Noticias importantes<\/h3>\n\t<div id=\"noticias-importantes\">\n\t\t<div class=\"carousel-noticias carousel\">\n\t\t<div class=\"card-carousel-container\">\n\t\t<div class=\"impares\">\n\t\t\t<div class=\"row_tc justify-content-center_tc\">\n\t\t\t\t\t\t\t\t\t\t<div class=\"card card-carousel-item mb-20_tc active\">\n\t\t\t\t<div class=\"carousel-img\">\n\t\t\t\t\t<img decoding=\"async\" src=\"https:\/\/conecta-app.tirant.com\/store\/images\/DAE-188O4J9YMLX851KB8X3R.jpg\" class=\"img-carousel\" alt=\"...\">\n\t\t\t\t<\/div>\n\t\t\t\t<div class=\"carousel-text\">\n\t\t\t\t\t<h5 class=\"name_title\">Intervenciones telef\u00f3nicas: el Supremo delimita cu\u00e1ndo son v\u00e1lidas<\/h5>\n\t\t\t\t\t<p>El Supremo delimita cu\u00e1ndo las intervenciones telef\u00f3nicas son v\u00e1lidas y qu\u00e9 requisitos deben cumplirse en fase inicial.<\/p>\n\t\t\t\t\t<a class=\"btn btn-conecta\" href=\"https:\/\/kiposlegal.com\/14146-2\/?id=2138\">Detalles<\/a>\n\t\t\t\t<\/div>\n\t\t\t\t<\/div>\n\t\t\t\t\t\t\t\t\t\t\t<div class=\"card card-carousel-item mb-20_tc \">\n\t\t\t\t<div class=\"carousel-img\">\n\t\t\t\t\t<img decoding=\"async\" src=\"https:\/\/conecta-app.tirant.com\/store\/images\/DAE-4EJ3R1J21T0L38KRI08L.png\" class=\"img-carousel\" alt=\"...\">\n\t\t\t\t<\/div>\n\t\t\t\t<div class=\"carousel-text\">\n\t\t\t\t\t<h5 class=\"name_title\">La integraci\u00f3n funcional permite aplicar beneficios fiscales en empresa familiar arrendamiento<\/h5>\n\t\t\t\t\t<p>La integraci\u00f3n funcional se convierte en el criterio clave para acreditar actividad econ\u00f3mica en el arrendamiento de inmuebles dentro de grupos.<\/p>\n\t\t\t\t\t<a class=\"btn btn-conecta\" href=\"https:\/\/kiposlegal.com\/14146-2\/?id=2134\">Detalles<\/a>\n\t\t\t\t<\/div>\n\t\t\t\t<\/div>\n\t\t\t\t\t\t\t\t\t\t\t<div class=\"card card-carousel-item mb-20_tc \">\n\t\t\t\t<div class=\"carousel-img\">\n\t\t\t\t\t<img decoding=\"async\" src=\"https:\/\/conecta-app.tirant.com\/store\/images\/DAE-1DZRK2D4RUD66E192P46.jpg\" class=\"img-carousel\" alt=\"...\">\n\t\t\t\t<\/div>\n\t\t\t\t<div class=\"carousel-text\">\n\t\t\t\t\t<h5 class=\"name_title\">El Pazo de Meir\u00e1s pertenece al Estado: el Supremo lo confirma<\/h5>\n\t\t\t\t\t<p>El Supremo confirma que el Pazo de Meir\u00e1s es del Estado tras declarar nulos los t\u00edtulos previos y rechazar la prescripci\u00f3n adquisitiva de los herederos.<\/p>\n\t\t\t\t\t<a class=\"btn btn-conecta\" href=\"https:\/\/kiposlegal.com\/14146-2\/?id=2132\">Detalles<\/a>\n\t\t\t\t<\/div>\n\t\t\t\t<\/div>\n\t\t\t\t\t\t\t\t\t\t\t<div class=\"card card-carousel-item mb-20_tc \">\n\t\t\t\t<div class=\"carousel-img\">\n\t\t\t\t\t<img decoding=\"async\" src=\"https:\/\/conecta-app.tirant.com\/store\/images\/DAE-1D5J071I07FBHHLU11P8.png\" class=\"img-carousel\" alt=\"...\">\n\t\t\t\t<\/div>\n\t\t\t\t<div class=\"carousel-text\">\n\t\t\t\t\t<h5 class=\"name_title\">Sentencia penal por ataque hom\u00f3fobo con indemnizaci\u00f3n y medidas cautelares<\/h5>\n\t\t\t\t\t<p>La Audiencia Provincial de Bizkaia condena a once personas por agresi\u00f3n hom\u00f3foba, considerando el caso un delito de odio.<\/p>\n\t\t\t\t\t<a class=\"btn btn-conecta\" href=\"https:\/\/kiposlegal.com\/14146-2\/?id=2131\">Detalles<\/a>\n\t\t\t\t<\/div>\n\t\t\t\t<\/div>\n\t\t\t\t\t\t\t\t\t\t\t<div class=\"card card-carousel-item mb-20_tc \">\n\t\t\t\t<div class=\"carousel-img\">\n\t\t\t\t\t<img decoding=\"async\" src=\"https:\/\/conecta-app.tirant.com\/store\/images\/DAE-J32JMBZC84NF46O9N040.png\" class=\"img-carousel\" alt=\"...\">\n\t\t\t\t<\/div>\n\t\t\t\t<div class=\"carousel-text\">\n\t\t\t\t\t<h5 class=\"name_title\">El Gobierno aprueba sistema obligatorio de facturaci\u00f3n electr\u00f3nica entre profesionales<\/h5>\n\t\t\t\t\t<p>La normativa establece un sistema obligatorio de facturaci\u00f3n electr\u00f3nica para empresarios, con aplicaci\u00f3n progresiva y requisitos t\u00e9cnicos espec\u00edficos.<\/p>\n\t\t\t\t\t<a class=\"btn btn-conecta\" href=\"https:\/\/kiposlegal.com\/14146-2\/?id=2129\">Detalles<\/a>\n\t\t\t\t<\/div>\n\t\t\t\t<\/div>\n\t\t\t\t\t\t\t\t\t\t<\/div>\n\t\t\t<\/div>\n\t\t\t<div class=\"card-nav card-nav-prev\"><\/div>\n\t\t\t<div class=\"card-nav card-nav-next\"><\/div>\n\t\t<\/div>\n\t\t<\/div>\n\t<\/div>\n\t<\/div>\n\t\n","protected":false},"excerpt":{"rendered":"","protected":false},"author":1,"featured_media":0,"parent":0,"menu_order":0,"comment_status":"closed","ping_status":"closed","template":"","meta":{"footnotes":""},"class_list":["post-2715","page","type-page","status-publish","hentry"],"yoast_head":"<!-- This site is optimized with the Yoast SEO plugin v27.3 - https:\/\/yoast.com\/product\/yoast-seo-wordpress\/ -->\n<title>Blog - KIPOS LEGAL<\/title>\n<meta name=\"robots\" content=\"index, follow, max-snippet:-1, max-image-preview:large, max-video-preview:-1\" \/>\n<link rel=\"canonical\" href=\"https:\/\/kiposlegal.com\/en\/blog\/\" \/>\n<meta property=\"og:locale\" content=\"en_US\" \/>\n<meta property=\"og:type\" content=\"article\" \/>\n<meta property=\"og:title\" content=\"Blog - KIPOS LEGAL\" \/>\n<meta property=\"og:url\" content=\"https:\/\/kiposlegal.com\/en\/blog\/\" \/>\n<meta property=\"og:site_name\" content=\"KIPOS LEGAL\" \/>\n<meta property=\"article:modified_time\" content=\"2024-05-13T15:25:53+00:00\" \/>\n<meta name=\"twitter:card\" content=\"summary_large_image\" \/>\n<meta name=\"twitter:label1\" content=\"Est. reading time\" \/>\n\t<meta name=\"twitter:data1\" content=\"1 minute\" \/>\n<script type=\"application\/ld+json\" class=\"yoast-schema-graph\">{\"@context\":\"https:\\\/\\\/schema.org\",\"@graph\":[{\"@type\":\"WebPage\",\"@id\":\"https:\\\/\\\/kiposlegal.com\\\/en\\\/blog\\\/\",\"url\":\"https:\\\/\\\/kiposlegal.com\\\/en\\\/blog\\\/\",\"name\":\"Blog - KIPOS LEGAL\",\"isPartOf\":{\"@id\":\"https:\\\/\\\/kiposlegal.com\\\/#website\"},\"datePublished\":\"2016-09-02T09:07:21+00:00\",\"dateModified\":\"2024-05-13T15:25:53+00:00\",\"breadcrumb\":{\"@id\":\"https:\\\/\\\/kiposlegal.com\\\/en\\\/blog\\\/#breadcrumb\"},\"inLanguage\":\"en-US\",\"potentialAction\":[{\"@type\":\"ReadAction\",\"target\":[\"https:\\\/\\\/kiposlegal.com\\\/en\\\/blog\\\/\"]}]},{\"@type\":\"BreadcrumbList\",\"@id\":\"https:\\\/\\\/kiposlegal.com\\\/en\\\/blog\\\/#breadcrumb\",\"itemListElement\":[{\"@type\":\"ListItem\",\"position\":1,\"name\":\"Home\",\"item\":\"https:\\\/\\\/kiposlegal.com\\\/\"},{\"@type\":\"ListItem\",\"position\":2,\"name\":\"Blog\"}]},{\"@type\":\"WebSite\",\"@id\":\"https:\\\/\\\/kiposlegal.com\\\/#website\",\"url\":\"https:\\\/\\\/kiposlegal.com\\\/\",\"name\":\"KIPOS LEGAL\",\"description\":false,\"publisher\":{\"@id\":\"https:\\\/\\\/kiposlegal.com\\\/#organization\"},\"potentialAction\":[{\"@type\":\"SearchAction\",\"target\":{\"@type\":\"EntryPoint\",\"urlTemplate\":\"https:\\\/\\\/kiposlegal.com\\\/?s={search_term_string}\"},\"query-input\":{\"@type\":\"PropertyValueSpecification\",\"valueRequired\":true,\"valueName\":\"search_term_string\"}}],\"inLanguage\":\"en-US\"},{\"@type\":\"Organization\",\"@id\":\"https:\\\/\\\/kiposlegal.com\\\/#organization\",\"name\":\"KIPOS LEGAL\",\"url\":\"https:\\\/\\\/kiposlegal.com\\\/\",\"logo\":{\"@type\":\"ImageObject\",\"inLanguage\":\"en-US\",\"@id\":\"https:\\\/\\\/kiposlegal.com\\\/#\\\/schema\\\/logo\\\/image\\\/\",\"url\":\"https:\\\/\\\/kiposlegal.com\\\/wp-content\\\/uploads\\\/2023\\\/12\\\/logo-1.jpg\",\"contentUrl\":\"https:\\\/\\\/kiposlegal.com\\\/wp-content\\\/uploads\\\/2023\\\/12\\\/logo-1.jpg\",\"width\":1280,\"height\":769,\"caption\":\"KIPOS LEGAL\"},\"image\":{\"@id\":\"https:\\\/\\\/kiposlegal.com\\\/#\\\/schema\\\/logo\\\/image\\\/\"}}]}<\/script>\n<!-- \/ Yoast SEO plugin. -->","yoast_head_json":{"title":"Blog - KIPOS LEGAL","robots":{"index":"index","follow":"follow","max-snippet":"max-snippet:-1","max-image-preview":"max-image-preview:large","max-video-preview":"max-video-preview:-1"},"canonical":"https:\/\/kiposlegal.com\/en\/blog\/","og_locale":"en_US","og_type":"article","og_title":"Blog - KIPOS LEGAL","og_url":"https:\/\/kiposlegal.com\/en\/blog\/","og_site_name":"KIPOS LEGAL","article_modified_time":"2024-05-13T15:25:53+00:00","twitter_card":"summary_large_image","twitter_misc":{"Est. reading time":"1 minute"},"schema":{"@context":"https:\/\/schema.org","@graph":[{"@type":"WebPage","@id":"https:\/\/kiposlegal.com\/en\/blog\/","url":"https:\/\/kiposlegal.com\/en\/blog\/","name":"Blog - KIPOS LEGAL","isPartOf":{"@id":"https:\/\/kiposlegal.com\/#website"},"datePublished":"2016-09-02T09:07:21+00:00","dateModified":"2024-05-13T15:25:53+00:00","breadcrumb":{"@id":"https:\/\/kiposlegal.com\/en\/blog\/#breadcrumb"},"inLanguage":"en-US","potentialAction":[{"@type":"ReadAction","target":["https:\/\/kiposlegal.com\/en\/blog\/"]}]},{"@type":"BreadcrumbList","@id":"https:\/\/kiposlegal.com\/en\/blog\/#breadcrumb","itemListElement":[{"@type":"ListItem","position":1,"name":"Home","item":"https:\/\/kiposlegal.com\/"},{"@type":"ListItem","position":2,"name":"Blog"}]},{"@type":"WebSite","@id":"https:\/\/kiposlegal.com\/#website","url":"https:\/\/kiposlegal.com\/","name":"KIPOS LEGAL","description":false,"publisher":{"@id":"https:\/\/kiposlegal.com\/#organization"},"potentialAction":[{"@type":"SearchAction","target":{"@type":"EntryPoint","urlTemplate":"https:\/\/kiposlegal.com\/?s={search_term_string}"},"query-input":{"@type":"PropertyValueSpecification","valueRequired":true,"valueName":"search_term_string"}}],"inLanguage":"en-US"},{"@type":"Organization","@id":"https:\/\/kiposlegal.com\/#organization","name":"KIPOS LEGAL","url":"https:\/\/kiposlegal.com\/","logo":{"@type":"ImageObject","inLanguage":"en-US","@id":"https:\/\/kiposlegal.com\/#\/schema\/logo\/image\/","url":"https:\/\/kiposlegal.com\/wp-content\/uploads\/2023\/12\/logo-1.jpg","contentUrl":"https:\/\/kiposlegal.com\/wp-content\/uploads\/2023\/12\/logo-1.jpg","width":1280,"height":769,"caption":"KIPOS LEGAL"},"image":{"@id":"https:\/\/kiposlegal.com\/#\/schema\/logo\/image\/"}}]}},"_links":{"self":[{"href":"https:\/\/kiposlegal.com\/en\/wp-json\/wp\/v2\/pages\/2715","targetHints":{"allow":["GET"]}}],"collection":[{"href":"https:\/\/kiposlegal.com\/en\/wp-json\/wp\/v2\/pages"}],"about":[{"href":"https:\/\/kiposlegal.com\/en\/wp-json\/wp\/v2\/types\/page"}],"author":[{"embeddable":true,"href":"https:\/\/kiposlegal.com\/en\/wp-json\/wp\/v2\/users\/1"}],"replies":[{"embeddable":true,"href":"https:\/\/kiposlegal.com\/en\/wp-json\/wp\/v2\/comments?post=2715"}],"version-history":[{"count":5,"href":"https:\/\/kiposlegal.com\/en\/wp-json\/wp\/v2\/pages\/2715\/revisions"}],"predecessor-version":[{"id":14150,"href":"https:\/\/kiposlegal.com\/en\/wp-json\/wp\/v2\/pages\/2715\/revisions\/14150"}],"wp:attachment":[{"href":"https:\/\/kiposlegal.com\/en\/wp-json\/wp\/v2\/media?parent=2715"}],"curies":[{"name":"wp","href":"https:\/\/api.w.org\/{rel}","templated":true}]}}